{"id":849,"date":"2025-01-02T14:57:41","date_gmt":"2025-01-02T13:57:41","guid":{"rendered":"https:\/\/www.miliffico.com\/informativa-sulla-privacy\/"},"modified":"2025-01-10T14:07:38","modified_gmt":"2025-01-10T13:07:38","slug":"informativa-sulla-privacy","status":"publish","type":"page","link":"https:\/\/www.miliffico.com\/it\/informativa-sulla-privacy\/","title":{"rendered":"Informativa sulla privacy"},"content":{"rendered":"<div class=\"fusion-fullwidth fullwidth-box fusion-builder-row-1 fusion-flex-container has-pattern-background has-mask-background nonhundred-percent-fullwidth non-hundred-percent-height-scrolling\" style=\"--awb-border-radius-top-left:0px;--awb-border-radius-top-right:0px;--awb-border-radius-bottom-right:0px;--awb-border-radius-bottom-left:0px;--awb-padding-top:10%;--awb-padding-bottom:10%;--awb-flex-wrap:wrap;\" ><div class=\"fusion-builder-row fusion-row fusion-flex-align-items-flex-start fusion-flex-content-wrap\" style=\"max-width:1248px;margin-left: calc(-4% \/ 2 );margin-right: calc(-4% \/ 2 );\"><div class=\"fusion-layout-column fusion_builder_column fusion-builder-column-0 fusion_builder_column_1_1 1_1 fusion-flex-column\" style=\"--awb-bg-size:cover;--awb-width-large:100%;--awb-margin-top-large:0px;--awb-spacing-right-large:1.92%;--awb-margin-bottom-large:20px;--awb-spacing-left-large:1.92%;--awb-width-medium:100%;--awb-order-medium:0;--awb-spacing-right-medium:1.92%;--awb-spacing-left-medium:1.92%;--awb-width-small:100%;--awb-order-small:0;--awb-spacing-right-small:1.92%;--awb-spacing-left-small:1.92%;\"><div class=\"fusion-column-wrapper fusion-column-has-shadow fusion-flex-justify-content-flex-start fusion-content-layout-column\"><div class=\"fusion-title title fusion-title-1 fusion-sep-none fusion-title-center fusion-title-text fusion-title-size-one\" style=\"--awb-text-color:#0033a0;--awb-margin-top:0px;--awb-font-size:70px;\"><h1 class=\"fusion-title-heading title-heading-center fusion-responsive-typography-calculated\" style=\"font-family:&quot;Instrument Sans Regular&quot;;font-style:normal;font-weight:400;margin:0;font-size:1em;--fontSize:70;line-height:var(--awb-typography1-line-height);\">Informativa sulla privacy (GDPR)<\/h1><\/div><div class=\"fusion-text fusion-text-1\" style=\"--awb-text-color:#000000;--awb-margin-top:4%;--awb-text-font-family:&quot;Instrument Sans Regular&quot;;--awb-text-font-style:normal;--awb-text-font-weight:400;\"><p><span class=\"script-font\"><u>Dichiarazione sulla protezione dei dati<\/u><\/span><\/p>\n<p>La protezione dei vostri dati personali \u00e8 per noi una priorit\u00e0. Pertanto, trattiamo i vostri dati esclusivamente in conformit\u00e0 con le disposizioni di legge (GDPR, TKG 2003). In questa informativa sulla privacy vi informiamo sugli aspetti pi\u00f9 importanti del trattamento dei dati nel contesto del nostro sito web.  <\/p>\n<p><span class=\"script-font\"><u>Contattaci\/Modulo di contatto<\/u><\/span><\/p>\n<p>Se ci contattate tramite modulo sul sito web o via e-mail, i dati da voi forniti saranno conservati per sei mesi al fine di elaborare la richiesta e per eventuali domande successive. Questi dati non saranno trasmessi senza il vostro consenso. <\/p>\n<p><span class=\"script-font\"><u>Cookies<\/u><\/span><\/p>\n<p>Il nostro sito web utilizza i cosiddetti cookie. Si tratta di piccoli file di testo che vengono memorizzati sul vostro dispositivo con l&#8217;aiuto del browser. Non causano alcun danno. Utilizziamo i cookie per rendere il nostro sito pi\u00f9 user-friendly. Alcuni cookie rimangono memorizzati sul vostro dispositivo fino a quando non li cancellate. Ci consentono di riconoscere il vostro browser alla visita successiva. Se non desiderate ci\u00f2, potete configurare il vostro browser in modo che vi informi sull&#8217;uso dei cookie e permetta l&#8217;uso solo in singoli casi.      <\/p>\n<p>La disattivazione dei cookie pu\u00f2 limitare la funzionalit\u00e0 del nostro sito web.<\/p>\n<p><span class=\"script-font\"><u>Google Forms<\/u><\/span><\/p>\n<p>Utilizziamo Google Forms, un servizio fornito da Google LLC, per raccogliere e gestire i dati anagrafici dei nostri clienti. Questa soluzione ci consente di semplificare il processo di registrazione e gestione delle informazioni.<\/p>\n<p>Dati raccolti:<br \/>Attraverso il modulo raccogliamo i seguenti dati personali:<br \/>Nome e cognome<br \/>Indirizzo<br \/>Contatti (telefono, email)<\/p>\n<p>Finalit\u00e0 del trattamento:<br \/>I dati raccolti vengono utilizzati esclusivamente per:<br \/>La gestione del rapporto cliente-azienda<br \/>Finalit\u00e0 amministrative e contabili<\/p>\n<p>Base giuridica:<br \/>Il trattamento dei dati si basa sul consenso esplicito fornito dall&#8217;utente al momento della compilazione del modulo e\/o sull&#8217;adempimento di obblighi contrattuali.<\/p>\n<p>Conservazione dei dati:<br \/>I dati saranno conservati per il tempo necessario all\u2019esecuzione del rapporto contrattuale e\/o in conformit\u00e0 agli obblighi di legge applicabili.<\/p>\n<p>Sicurezza e trasferimento dei dati:<br \/>I dati raccolti tramite Google Forms sono archiviati nei server di Google LLC, che adotta misure di sicurezza adeguate per proteggere i dati personali. Per ulteriori informazioni, ti invitiamo a consultare la Privacy Policy di Google.<\/p>\n<p>Diritti degli interessati:<br \/>Gli utenti hanno il diritto di accedere, rettificare, cancellare o opporsi al trattamento dei propri dati personali, secondo quanto previsto dalla normativa vigente (ad esempio, GDPR). Per esercitare questi diritti, contattaci all&#8217;indirizzo info@miliffico.com. <\/p>\n<p><span class=\"script-font\"><u>Statistiche web tramite WP-Statistics<\/u><\/span><\/p>\n<p>Questo strumento di statistica consente alla nostra azienda di raccogliere tutte le informazioni rilevanti sugli accessi al sito web, come il numero, la provenienza geografica e l&#8217;indirizzo IP (anonimizzato \u2013 quindi non visibile n\u00e9 rintracciabile), oltre a rilevare quali termini di ricerca portano i visitatori al nostro sito web. Per poter condurre una statistica annuale, questi dati vengono conservati per 365 giorni nel database e poi cancellati automaticamente. <\/p>\n<p><span class=\"script-font\"><u>I tuoi diritti<\/u><\/span><\/p>\n<p>In generale, avete il diritto di accesso, rettifica, cancellazione, limitazione, portabilit\u00e0 dei dati, revoca e opposizione. Se ritenete che il trattamento dei vostri dati violi la normativa sulla protezione dei dati o se i vostri diritti in materia di protezione dei dati sono stati violati in altro modo, potete presentare un reclamo all&#8217;autorit\u00e0 di controllo. In Austria, questa \u00e8 l&#8217;Autorit\u00e0 per la protezione dei dati.<\/p>\n<\/div><\/div><\/div><\/div><\/div>\n","protected":false},"excerpt":{"rendered":"","protected":false},"author":1,"featured_media":0,"parent":0,"menu_order":0,"comment_status":"closed","ping_status":"closed","template":"100-width.php","meta":{"_themeisle_gutenberg_block_has_review":false,"footnotes":""},"class_list":["post-849","page","type-page","status-publish","hentry"],"_links":{"self":[{"href":"https:\/\/www.miliffico.com\/it\/wp-json\/wp\/v2\/pages\/849","targetHints":{"allow":["GET"]}}],"collection":[{"href":"https:\/\/www.miliffico.com\/it\/wp-json\/wp\/v2\/pages"}],"about":[{"href":"https:\/\/www.miliffico.com\/it\/wp-json\/wp\/v2\/types\/page"}],"author":[{"embeddable":true,"href":"https:\/\/www.miliffico.com\/it\/wp-json\/wp\/v2\/users\/1"}],"replies":[{"embeddable":true,"href":"https:\/\/www.miliffico.com\/it\/wp-json\/wp\/v2\/comments?post=849"}],"version-history":[{"count":4,"href":"https:\/\/www.miliffico.com\/it\/wp-json\/wp\/v2\/pages\/849\/revisions"}],"predecessor-version":[{"id":1075,"href":"https:\/\/www.miliffico.com\/it\/wp-json\/wp\/v2\/pages\/849\/revisions\/1075"}],"wp:attachment":[{"href":"https:\/\/www.miliffico.com\/it\/wp-json\/wp\/v2\/media?parent=849"}],"curies":[{"name":"wp","href":"https:\/\/api.w.org\/{rel}","templated":true}]}}