{"id":791,"date":"2024-08-24T16:04:46","date_gmt":"2024-08-24T14:04:46","guid":{"rendered":"https:\/\/www.miliffico.com\/cosa-offriamo\/"},"modified":"2025-01-10T16:11:27","modified_gmt":"2025-01-10T15:11:27","slug":"cosa-offriamo","status":"publish","type":"page","link":"https:\/\/www.miliffico.com\/it\/cosa-offriamo\/","title":{"rendered":"Cosa offriamo"},"content":{"rendered":"<p><div class=\"fusion-fullwidth fullwidth-box fusion-builder-row-1 fusion-flex-container has-pattern-background has-mask-background fusion-parallax-none hundred-percent-fullwidth non-hundred-percent-height-scrolling\" style=\"--awb-background-position-small:left center;--awb-border-radius-top-left:0px;--awb-border-radius-top-right:0px;--awb-border-radius-bottom-right:0px;--awb-border-radius-bottom-left:0px;--awb-padding-top:15%;--awb-padding-bottom:10%;--awb-padding-top-small:30%;--awb-padding-bottom-small:30%;--awb-background-image:url(&quot;https:\/\/www.miliffico.com\/wp-content\/uploads\/2025\/01\/Miliffico-Mood-Foto-2024-v3.jpg&quot;);--awb-background-size:cover;--awb-flex-wrap:wrap;\" ><div class=\"fusion-builder-row fusion-row fusion-flex-align-items-flex-start fusion-flex-content-wrap\" style=\"width:104% !important;max-width:104% !important;margin-left: calc(-4% \/ 2 );margin-right: calc(-4% \/ 2 );\"><div class=\"fusion-layout-column fusion_builder_column fusion-builder-column-0 fusion_builder_column_1_1 1_1 fusion-flex-column\" style=\"--awb-bg-size:cover;--awb-width-large:100%;--awb-margin-top-large:0px;--awb-spacing-right-large:1.92%;--awb-margin-bottom-large:20px;--awb-spacing-left-large:1.92%;--awb-width-medium:100%;--awb-order-medium:0;--awb-spacing-right-medium:1.92%;--awb-spacing-left-medium:1.92%;--awb-width-small:100%;--awb-order-small:0;--awb-spacing-right-small:1.92%;--awb-spacing-left-small:1.92%;\"><div class=\"fusion-column-wrapper fusion-column-has-shadow fusion-flex-justify-content-flex-start fusion-content-layout-column\"><\/div><\/div><\/div><\/div><div class=\"fusion-fullwidth fullwidth-box fusion-builder-row-2 fusion-flex-container has-pattern-background has-mask-background hundred-percent-fullwidth non-hundred-percent-height-scrolling\" style=\"--awb-border-radius-top-left:0px;--awb-border-radius-top-right:0px;--awb-border-radius-bottom-right:0px;--awb-border-radius-bottom-left:0px;--awb-padding-top:10%;--awb-padding-right:5%;--awb-padding-bottom:10%;--awb-padding-left:5%;--awb-flex-wrap:wrap;\" ><div class=\"fusion-builder-row fusion-row fusion-flex-align-items-flex-start fusion-flex-content-wrap\" style=\"width:104% !important;max-width:104% !important;margin-left: calc(-4% \/ 2 );margin-right: calc(-4% \/ 2 );\"><div class=\"fusion-layout-column fusion_builder_column fusion-builder-column-1 fusion_builder_column_1_2 1_2 fusion-flex-column\" style=\"--awb-padding-top:0px;--awb-bg-size:cover;--awb-width-large:50%;--awb-margin-top-large:0px;--awb-spacing-right-large:6.528%;--awb-margin-bottom-large:20px;--awb-spacing-left-large:3.84%;--awb-width-medium:50%;--awb-order-medium:0;--awb-spacing-right-medium:6.528%;--awb-spacing-left-medium:3.84%;--awb-width-small:100%;--awb-order-small:0;--awb-spacing-right-small:1.92%;--awb-spacing-left-small:1.92%;\"><div class=\"fusion-column-wrapper fusion-column-has-shadow fusion-flex-justify-content-flex-start fusion-content-layout-column\"><div class=\"fusion-title title fusion-title-1 fusion-sep-none fusion-title-text fusion-title-size-two\" style=\"--awb-text-color:#0033a0;--awb-font-size:60px;\"><h2 class=\"fusion-title-heading title-heading-left fusion-responsive-typography-calculated\" style=\"font-family:&quot;Instrument Sans Regular&quot;;font-style:normal;font-weight:400;margin:0;font-size:1em;--fontSize:60;line-height:var(--awb-typography1-line-height);\">Cosa offriamo<\/h2><\/div><div class=\"fusion-text fusion-text-1\" style=\"--awb-font-size:15px;--awb-text-color:#0033a0;--awb-margin-top:5%;--awb-text-font-family:&quot;Instrument Sans Regular&quot;;--awb-text-font-style:normal;--awb-text-font-weight:400;\"><p>Miliffico non \u00e8 solo distribuzione!<\/p>\n<p>Seguiamo con attenzione e professionalit\u00e0 i nostri clienti passo dopo passo e trattiamo con estrema cura le nostre eccellenze enogastronomiche.<\/p>\n<\/div><div class=\"fusion-builder-row fusion-builder-row-inner fusion-row fusion-flex-align-items-flex-start fusion-flex-content-wrap\" style=\"width:104% !important;max-width:104% !important;margin-left: calc(-4% \/ 2 );margin-right: calc(-4% \/ 2 );\"><div class=\"fusion-layout-column fusion_builder_column_inner fusion-builder-nested-column-0 fusion_builder_column_inner_1_1 1_1 fusion-flex-column\" style=\"--awb-padding-top:3%;--awb-padding-bottom:2%;--awb-bg-size:cover;--awb-border-color:#0033a0;--awb-border-top:1px;--awb-border-bottom:1px;--awb-border-style:solid;--awb-width-large:100%;--awb-margin-top-large:0px;--awb-spacing-right-large:1.92%;--awb-margin-bottom-large:20px;--awb-spacing-left-large:1.92%;--awb-width-medium:100%;--awb-order-medium:0;--awb-spacing-right-medium:1.92%;--awb-spacing-left-medium:1.92%;--awb-width-small:100%;--awb-order-small:0;--awb-spacing-right-small:1.92%;--awb-spacing-left-small:1.92%;\"><div class=\"fusion-column-wrapper fusion-column-has-shadow fusion-flex-justify-content-flex-start fusion-content-layout-column\"><div style=\"text-align:left;\"><a class=\"fusion-button button-flat fusion-button-default-size button-custom fusion-button-default button-1 fusion-button-default-span fusion-button-default-type fusion-has-button-gradient\" style=\"--button_accent_color:#0033a0;--button_border_color:#0033a0;--button_accent_hover_color:#0033a0;--button_border_hover_color:#0033a0;--button_gradient_top_color:rgba(28,28,28,0);--button_gradient_bottom_color:rgba(158,158,158,0);--button_gradient_top_color_hover:rgba(119,119,119,0);--button_gradient_bottom_color_hover:rgba(140,140,140,0);--button_text_transform:uppercase;--button_font_size:20px;--button_padding-top:0px;--button_padding-right:0px;--button_padding-bottom:0px;--button_padding-left:0px;--button_typography-font-family:&quot;Instrument Sans Bold&quot;;--button_typography-font-style:normal;--button_typography-font-weight:400;\" target=\"_self\" href=\"#prodotti\"><span class=\"fusion-button-text awb-button__text awb-button__text--default\">Prodotti<\/span><\/a><\/div><\/div><\/div><\/div><div class=\"fusion-builder-row fusion-builder-row-inner fusion-row fusion-flex-align-items-flex-start fusion-flex-content-wrap\" style=\"width:104% !important;max-width:104% !important;margin-left: calc(-4% \/ 2 );margin-right: calc(-4% \/ 2 );\"><div class=\"fusion-layout-column fusion_builder_column_inner fusion-builder-nested-column-1 fusion_builder_column_inner_1_1 1_1 fusion-flex-column\" style=\"--awb-padding-bottom:2%;--awb-bg-size:cover;--awb-border-color:#0033a0;--awb-border-bottom:1px;--awb-border-style:solid;--awb-width-large:100%;--awb-margin-top-large:0px;--awb-spacing-right-large:1.92%;--awb-margin-bottom-large:20px;--awb-spacing-left-large:1.92%;--awb-width-medium:100%;--awb-order-medium:0;--awb-spacing-right-medium:1.92%;--awb-spacing-left-medium:1.92%;--awb-width-small:100%;--awb-order-small:0;--awb-spacing-right-small:1.92%;--awb-spacing-left-small:1.92%;\"><div class=\"fusion-column-wrapper fusion-column-has-shadow fusion-flex-justify-content-flex-start fusion-content-layout-column\"><div style=\"text-align:left;\"><a class=\"fusion-button button-flat fusion-button-default-size button-custom fusion-button-default button-2 fusion-button-default-span fusion-button-default-type fusion-has-button-gradient\" style=\"--button_accent_color:#0033a0;--button_border_color:#0033a0;--button_accent_hover_color:#0033a0;--button_border_hover_color:#0033a0;--button_gradient_top_color:rgba(28,28,28,0);--button_gradient_bottom_color:rgba(158,158,158,0);--button_gradient_top_color_hover:rgba(119,119,119,0);--button_gradient_bottom_color_hover:rgba(140,140,140,0);--button_text_transform:uppercase;--button_font_size:20px;--button_padding-top:0px;--button_padding-right:0px;--button_padding-bottom:0px;--button_padding-left:0px;--button_typography-font-family:&quot;Instrument Sans Bold&quot;;--button_typography-font-style:normal;--button_typography-font-weight:400;\" target=\"_self\" href=\"#consulenza\"><span class=\"fusion-button-text awb-button__text awb-button__text--default\">Consulenze<\/span><\/a><\/div><\/div><\/div><\/div><\/div><\/div><div class=\"fusion-layout-column fusion_builder_column fusion-builder-column-2 fusion_builder_column_1_2 1_2 fusion-flex-column\" style=\"--awb-bg-size:cover;--awb-width-large:50%;--awb-margin-top-large:0px;--awb-spacing-right-large:3.84%;--awb-margin-bottom-large:20px;--awb-spacing-left-large:3.84%;--awb-width-medium:50%;--awb-order-medium:0;--awb-spacing-right-medium:3.84%;--awb-spacing-left-medium:3.84%;--awb-width-small:100%;--awb-order-small:0;--awb-spacing-right-small:1.92%;--awb-spacing-left-small:1.92%;\"><div class=\"fusion-column-wrapper fusion-column-has-shadow fusion-flex-justify-content-flex-start fusion-content-layout-column\"><div class=\"fusion-image-element \" style=\"--awb-caption-title-font-family:var(--h2_typography-font-family);--awb-caption-title-font-weight:var(--h2_typography-font-weight);--awb-caption-title-font-style:var(--h2_typography-font-style);--awb-caption-title-size:var(--h2_typography-font-size);--awb-caption-title-transform:var(--h2_typography-text-transform);--awb-caption-title-line-height:var(--h2_typography-line-height);--awb-caption-title-letter-spacing:var(--h2_typography-letter-spacing);\"><span class=\" fusion-imageframe imageframe-none imageframe-1 hover-type-none\"><img decoding=\"async\" width=\"1260\" height=\"945\" title=\"Miliffico-Angebot-v1\" src=\"https:\/\/www.miliffico.com\/wp-content\/uploads\/2025\/01\/Miliffico-Angebot-v1.jpg\" alt class=\"img-responsive wp-image-721\" srcset=\"https:\/\/www.miliffico.com\/wp-content\/uploads\/2025\/01\/Miliffico-Angebot-v1-200x150.jpg 200w, https:\/\/www.miliffico.com\/wp-content\/uploads\/2025\/01\/Miliffico-Angebot-v1-400x300.jpg 400w, https:\/\/www.miliffico.com\/wp-content\/uploads\/2025\/01\/Miliffico-Angebot-v1-600x450.jpg 600w, https:\/\/www.miliffico.com\/wp-content\/uploads\/2025\/01\/Miliffico-Angebot-v1-800x600.jpg 800w, https:\/\/www.miliffico.com\/wp-content\/uploads\/2025\/01\/Miliffico-Angebot-v1-1200x900.jpg 1200w, https:\/\/www.miliffico.com\/wp-content\/uploads\/2025\/01\/Miliffico-Angebot-v1.jpg 1260w\" sizes=\"(max-width: 640px) 100vw, 600px\" \/><\/span><\/div><\/div><\/div><\/div><\/div><div class=\"fusion-fullwidth fullwidth-box fusion-builder-row-3 fusion-flex-container has-pattern-background has-mask-background fusion-parallax-none hundred-percent-fullwidth non-hundred-percent-height-scrolling\" style=\"--awb-border-radius-top-left:0px;--awb-border-radius-top-right:0px;--awb-border-radius-bottom-right:0px;--awb-border-radius-bottom-left:0px;--awb-padding-top:15%;--awb-padding-bottom:10%;--awb-padding-top-small:30%;--awb-padding-bottom-small:30%;--awb-background-image:url(&quot;https:\/\/www.miliffico.com\/wp-content\/uploads\/2025\/01\/Miliffico-Mood-Foto-2024-v2.jpg&quot;);--awb-background-size:cover;--awb-flex-wrap:wrap;\" ><div class=\"fusion-builder-row fusion-row fusion-flex-align-items-flex-start fusion-flex-content-wrap\" style=\"width:104% !important;max-width:104% !important;margin-left: calc(-4% \/ 2 );margin-right: calc(-4% \/ 2 );\"><div class=\"fusion-layout-column fusion_builder_column fusion-builder-column-3 fusion_builder_column_1_1 1_1 fusion-flex-column\" style=\"--awb-bg-size:cover;--awb-width-large:100%;--awb-margin-top-large:0px;--awb-spacing-right-large:1.92%;--awb-margin-bottom-large:20px;--awb-spacing-left-large:1.92%;--awb-width-medium:100%;--awb-order-medium:0;--awb-spacing-right-medium:1.92%;--awb-spacing-left-medium:1.92%;--awb-width-small:100%;--awb-order-small:0;--awb-spacing-right-small:1.92%;--awb-spacing-left-small:1.92%;\"><div class=\"fusion-column-wrapper fusion-column-has-shadow fusion-flex-justify-content-flex-start fusion-content-layout-column\"><\/div><\/div><\/div><\/div><div id=\"prodotti\" class=\"fusion-container-anchor\"><div class=\"fusion-fullwidth fullwidth-box fusion-builder-row-4 fusion-flex-container has-pattern-background has-mask-background hundred-percent-fullwidth non-hundred-percent-height-scrolling\" style=\"--awb-border-radius-top-left:0px;--awb-border-radius-top-right:0px;--awb-border-radius-bottom-right:0px;--awb-border-radius-bottom-left:0px;--awb-padding-top:10%;--awb-padding-right:5%;--awb-padding-bottom:10%;--awb-padding-left:5%;--awb-flex-wrap:wrap;\" ><div class=\"fusion-builder-row fusion-row fusion-flex-align-items-flex-start fusion-flex-content-wrap\" style=\"width:104% !important;max-width:104% !important;margin-left: calc(-4% \/ 2 );margin-right: calc(-4% \/ 2 );\"><div class=\"fusion-layout-column fusion_builder_column fusion-builder-column-4 fusion_builder_column_1_2 1_2 fusion-flex-column\" style=\"--awb-bg-size:cover;--awb-width-large:50%;--awb-margin-top-large:0px;--awb-spacing-right-large:3.84%;--awb-margin-bottom-large:20px;--awb-spacing-left-large:3.84%;--awb-width-medium:50%;--awb-order-medium:0;--awb-spacing-right-medium:3.84%;--awb-spacing-left-medium:3.84%;--awb-width-small:100%;--awb-order-small:0;--awb-spacing-right-small:1.92%;--awb-spacing-left-small:1.92%;\"><div class=\"fusion-column-wrapper fusion-column-has-shadow fusion-flex-justify-content-flex-start fusion-content-layout-column\"><div class=\"fusion-title title fusion-title-2 fusion-sep-none fusion-title-text fusion-title-size-two\" style=\"--awb-text-color:#0033a0;--awb-font-size:60px;\"><h2 class=\"fusion-title-heading title-heading-left fusion-responsive-typography-calculated\" style=\"font-family:&quot;Instrument Sans Regular&quot;;font-style:normal;font-weight:400;margin:0;font-size:1em;--fontSize:60;line-height:1;\">La nostra selezione<\/h2><\/div><div class=\"fusion-text fusion-text-2\" style=\"--awb-font-size:15px;--awb-text-color:#0033a0;--awb-margin-top:5%;--awb-text-font-family:&quot;Instrument Sans Regular&quot;;--awb-text-font-style:normal;--awb-text-font-weight:400;\"><p>Curiamo attentamente la scelta del prodotto e del produttore. Ampliamo costantemente la nostra gamma valutando le esigenze e le richieste dei nostri clienti ma con lo sguardo rivolto anche a innovazione e tendenze di mercato. <\/p>\n<p>Selezionare un prodotto e integrarlo nella nostra proposta richiede responsabilit\u00e0, coordinazione e una <span class=\"script-font\">conoscenza<\/span> approfondita e trasversale del mercato italiano e austriaco, oltre che delle caratteristiche specifiche del prodotto, comprese quelle organolettiche e il suo utilizzo.<\/p>\n<p>La nostra azienda si distingue per la capacit\u00e0 di valorizzare al massimo ogni prodotto, grazie a un\u2019attenta analisi del suo <span class=\"script-font\">posizionamento sul mercato italiano<\/span> e alla sua reinterpretazione per un\u2019efficace collocazione nel mercato austriaco, basata sulla conoscenza della cultura locale. Operiamo in stretta sinergia con i produttori e i trasportatori italiani, assicurando un trasporto rapido e rispettoso delle necessit\u00e0 di conservazione. <\/p>\n<p>Il tutto \u00e8 guidato da un impegno costante verso <span class=\"script-font\">qualit\u00e0, coerenza, affidabilit\u00e0<\/span> e una <span class=\"script-font\">comunicazione<\/span> chiara e professionale.<\/p>\n<\/div><\/div><\/div><div class=\"fusion-layout-column fusion_builder_column fusion-builder-column-5 fusion_builder_column_1_2 1_2 fusion-flex-column\" style=\"--awb-bg-size:cover;--awb-width-large:50%;--awb-margin-top-large:0px;--awb-spacing-right-large:3.84%;--awb-margin-bottom-large:20px;--awb-spacing-left-large:3.84%;--awb-width-medium:50%;--awb-order-medium:0;--awb-spacing-right-medium:3.84%;--awb-spacing-left-medium:3.84%;--awb-width-small:100%;--awb-order-small:0;--awb-spacing-right-small:1.92%;--awb-spacing-left-small:1.92%;\"><div class=\"fusion-column-wrapper fusion-column-has-shadow fusion-flex-justify-content-flex-start fusion-content-layout-column\"><div class=\"fusion-title title fusion-title-3 fusion-sep-none fusion-title-text fusion-title-size-two\" style=\"--awb-text-color:#0033a0;--awb-font-size:60px;\"><h2 class=\"fusion-title-heading title-heading-left fusion-responsive-typography-calculated\" style=\"font-family:&quot;Instrument Sans Regular&quot;;font-style:normal;font-weight:400;margin:0;font-size:1em;--fontSize:60;line-height:1;\">I nostri prodotti<\/h2><\/div><div class=\"fusion-text fusion-text-3\" style=\"--awb-font-size:15px;--awb-text-color:#0033a0;--awb-margin-top:5%;--awb-text-font-family:&quot;Instrument Sans Regular&quot;;--awb-text-font-style:normal;--awb-text-font-weight:400;\"><p><span class=\"script-font\">&#8211; Prodotti di base:<\/span> farina, olio, aceto, pasta, uova, zucchero<br \/>\n<span class=\"script-font\">\u2013 Latticini:<\/span> mozzarella, burrata, formaggi freschi e stagionati<br \/><span class=\"script-font\">\u2013 Salumi:<\/span> vasta selezione che va dal prosciutto crudo alla bresaola<br \/><span class=\"script-font\">\u2013 Prodotti da aperitivo:<\/span> patatine, olive, taralli, grissini, ecc.<br \/>\n<span class=\"script-font\">\u2013 Conserve:<\/span> sott\u2019oli e sott\u2019aceti vegetali; tonno, sgombro e alici sott\u2019olio; confetture e marmellate; pesti e creme<br \/>\n<span class=\"script-font\">\u2013 Dolci e frutta secca:<\/span> cioccolato, praline, biscotti, miele, creme dolci, prodotti stagionali (panettone, colomba, etc.), frutta secca intera, farina e granelle<br \/>\n<span class=\"script-font\">\u2013 Ortofrutta:<\/span> stagionale, da produttori selezionati<br \/>\n<span class=\"script-font\">\u2013 Congelato:<\/span> panificati, verdure, gelati<br \/>\n<span class=\"script-font\">\u2013 Vini:<\/span> cantina ampia con un ottimo equilibrio tra vini di prestigio e vini di consumo<br \/>\n<span class=\"script-font\">\u2013 Spirits:<\/span> amari, distillati, liquori delle pi\u00f9 prestigiose aziende italiane ma anche di piccole realt\u00e0 emergenti<\/p>\n<\/div><div style=\"text-align:left;\"><a class=\"fusion-button button-flat fusion-button-default-size button-custom fusion-button-default button-3 fusion-button-default-span fusion-button-default-type fusion-has-button-gradient\" style=\"--button_accent_color:#0033a0;--button_border_color:#0033a0;--button_accent_hover_color:#0033a0;--button_border_hover_color:#0033a0;--button_border_width-top:1px;--button_border_width-right:1px;--button_border_width-bottom:1px;--button_border_width-left:1px;--button-border-radius-top-left:0;--button-border-radius-top-right:0;--button-border-radius-bottom-right:0;--button-border-radius-bottom-left:0;--button_gradient_top_color:rgba(28,28,28,0);--button_gradient_bottom_color:rgba(158,158,158,0);--button_gradient_top_color_hover:rgba(119,119,119,0);--button_gradient_bottom_color_hover:rgba(140,140,140,0);--button_font_size:15px;--button_padding-top:3%;--button_padding-right:3%;--button_padding-bottom:3%;--button_padding-left:3%;--button_typography-font-family:&quot;Instrument Sans Regular&quot;;--button_typography-font-style:normal;--button_typography-font-weight:400;\" target=\"_self\" href=\"https:\/\/www.miliffico.com\/it\/area-ospiti\/\"><span class=\"fusion-button-text awb-button__text awb-button__text--default\">AREA RISERVATA<\/span><\/a><\/div><\/div><\/div><\/div><\/div><\/div><div id=\"consulenza\" class=\"fusion-container-anchor\"><div class=\"fusion-fullwidth fullwidth-box fusion-builder-row-5 fusion-flex-container has-pattern-background has-mask-background hundred-percent-fullwidth non-hundred-percent-height-scrolling\" style=\"--awb-border-radius-top-left:0px;--awb-border-radius-top-right:0px;--awb-border-radius-bottom-right:0px;--awb-border-radius-bottom-left:0px;--awb-padding-right:5%;--awb-padding-bottom:10%;--awb-padding-left:5%;--awb-flex-wrap:wrap;\" ><div class=\"fusion-builder-row fusion-row fusion-flex-align-items-flex-start fusion-flex-content-wrap\" style=\"width:104% !important;max-width:104% !important;margin-left: calc(-4% \/ 2 );margin-right: calc(-4% \/ 2 );\"><div class=\"fusion-layout-column fusion_builder_column fusion-builder-column-6 fusion_builder_column_1_2 1_2 fusion-flex-column\" style=\"--awb-bg-size:cover;--awb-width-large:50%;--awb-margin-top-large:0px;--awb-spacing-right-large:6.528%;--awb-margin-bottom-large:20px;--awb-spacing-left-large:3.84%;--awb-width-medium:50%;--awb-order-medium:0;--awb-spacing-right-medium:6.528%;--awb-spacing-left-medium:3.84%;--awb-width-small:100%;--awb-order-small:0;--awb-spacing-right-small:1.92%;--awb-spacing-left-small:1.92%;\"><div class=\"fusion-column-wrapper fusion-column-has-shadow fusion-flex-justify-content-flex-start fusion-content-layout-column\"><div class=\"fusion-image-element \" style=\"--awb-caption-title-font-family:var(--h2_typography-font-family);--awb-caption-title-font-weight:var(--h2_typography-font-weight);--awb-caption-title-font-style:var(--h2_typography-font-style);--awb-caption-title-size:var(--h2_typography-font-size);--awb-caption-title-transform:var(--h2_typography-text-transform);--awb-caption-title-line-height:var(--h2_typography-line-height);--awb-caption-title-letter-spacing:var(--h2_typography-letter-spacing);\"><span class=\" fusion-imageframe imageframe-none imageframe-2 hover-type-none\"><img decoding=\"async\" width=\"1260\" height=\"945\" title=\"Miliffico-Angebot-v2\" src=\"https:\/\/www.miliffico.com\/wp-content\/uploads\/2025\/01\/Miliffico-Angebot-v2.jpg\" alt class=\"img-responsive wp-image-723\" srcset=\"https:\/\/www.miliffico.com\/wp-content\/uploads\/2025\/01\/Miliffico-Angebot-v2-200x150.jpg 200w, https:\/\/www.miliffico.com\/wp-content\/uploads\/2025\/01\/Miliffico-Angebot-v2-400x300.jpg 400w, https:\/\/www.miliffico.com\/wp-content\/uploads\/2025\/01\/Miliffico-Angebot-v2-600x450.jpg 600w, https:\/\/www.miliffico.com\/wp-content\/uploads\/2025\/01\/Miliffico-Angebot-v2-800x600.jpg 800w, https:\/\/www.miliffico.com\/wp-content\/uploads\/2025\/01\/Miliffico-Angebot-v2-1200x900.jpg 1200w, https:\/\/www.miliffico.com\/wp-content\/uploads\/2025\/01\/Miliffico-Angebot-v2.jpg 1260w\" sizes=\"(max-width: 640px) 100vw, 600px\" \/><\/span><\/div><\/div><\/div><div class=\"fusion-layout-column fusion_builder_column fusion-builder-column-7 fusion_builder_column_1_2 1_2 fusion-flex-column\" style=\"--awb-bg-size:cover;--awb-width-large:50%;--awb-margin-top-large:0px;--awb-spacing-right-large:3.84%;--awb-margin-bottom-large:20px;--awb-spacing-left-large:3.84%;--awb-width-medium:50%;--awb-order-medium:0;--awb-spacing-right-medium:3.84%;--awb-spacing-left-medium:3.84%;--awb-width-small:100%;--awb-order-small:0;--awb-spacing-right-small:1.92%;--awb-spacing-left-small:1.92%;\"><div class=\"fusion-column-wrapper fusion-column-has-shadow fusion-flex-justify-content-flex-start fusion-content-layout-column\"><div class=\"fusion-title title fusion-title-4 fusion-sep-none fusion-title-text fusion-title-size-two\" style=\"--awb-text-color:#0033a0;--awb-font-size:60px;\"><h2 class=\"fusion-title-heading title-heading-left fusion-responsive-typography-calculated\" style=\"font-family:&quot;Instrument Sans Regular&quot;;font-style:normal;font-weight:400;margin:0;font-size:1em;--fontSize:60;line-height:1;\">Consulenze<\/h2><\/div><div class=\"fusion-text fusion-text-4\" style=\"--awb-font-size:15px;--awb-text-color:#0033a0;--awb-margin-top:5%;--awb-text-font-family:&quot;Instrument Sans Regular&quot;;--awb-text-font-style:normal;--awb-text-font-weight:400;\"><p>Consigliamo i nostri clienti e li supportiamo nelle loro scelte, siamo sempre felici di mettere a frutto le nostre conoscenze trasversali del mondo enogastronomico attraverso nuovi progetti. <br \/> Dall&#8217;idea al prodotto finito:<\/p>\n<p><span class=\"script-font\">\u2013 Studio del prodotto:<\/span> comprendere l\u2019utilizzo e le caratteristiche dei prodotti in catalogo permette di saper rispondere alle domande del cliente, di consigliare ci\u00f2 che pi\u00f9 \u00e8 adatto alle sue esigenze ma anche di evitare possibili reclami dovuti a un uso incorretto della materia prima.<\/p>\n<p><span class=\"script-font\">\u2013 Progettazioni<\/span> grazie a una vasta rete di contatti e a una lunga esperienza, Miliffico crea soluzioni di stile e modi di vivere, curando ogni dettaglio: dalla selezione dei materiali, come ceramiche, alla creazione di oggetti in legno per il servizio e molto altro. \u00c8 l\u2019idea del servizio al cliente a 360\u00b0 che rende Miliffico unica. <\/p>\n<p><span class=\"script-font\">\u2013 Visite e degustazioni:<\/span> il miglior modo per promuovere un prodotto \u00e8 farlo assaggiare e lasciare che sia la sua qualit\u00e0 ad convincere il cliente. Ecco perch\u00e9, per vecchi e nuovi clienti che lo desiderano la Scuola si trasforma in laboratorio di cucina dove assaggiare e sperimentare. <\/p>\n<p><span class=\"script-font\">\u2013 Consulenza:<\/span> ci\u00f2 che ci distingue dalle altre aziende del settore \u00e8 la capacit\u00e0 di sviluppare concept su misura, sia in risposta agli input dei clienti, sia su nostra iniziativa, per soddisfare esigenze di mercato ancora non coperte dall\u2019offerta standard delle produzioni attuali.<\/p>\n<p><span class=\"script-font\">\u2013 Ricettario con il produttore:<\/span> sviluppo e ricerca per la realizzazione di ricette ad hoc su input dei clienti oppure per riempire una nicchia di mercato non coperta dall\u2019offerta standard del produttore.<\/p>\n<p>Per far ci\u00f2 abbiamo creato una Scuola. La nostra scuola assolve molteplici funzioni che vanno a corredo e a sostegno delle attivit\u00e0 commerciali e di logistica degli altri reparti. Grazie alla profonda conoscenza del mercato si interpretano le nuove tendenze italiane per poterle applicare all\u2019Austria e creare cos\u00ec nuovi modi di vivere.<\/p>\n<\/div><\/div><\/div><\/div><\/div><\/div><\/p>\n","protected":false},"excerpt":{"rendered":"","protected":false},"author":1,"featured_media":0,"parent":0,"menu_order":0,"comment_status":"closed","ping_status":"closed","template":"100-width.php","meta":{"_themeisle_gutenberg_block_has_review":false,"footnotes":""},"class_list":["post-791","page","type-page","status-publish","hentry"],"_links":{"self":[{"href":"https:\/\/www.miliffico.com\/it\/wp-json\/wp\/v2\/pages\/791","targetHints":{"allow":["GET"]}}],"collection":[{"href":"https:\/\/www.miliffico.com\/it\/wp-json\/wp\/v2\/pages"}],"about":[{"href":"https:\/\/www.miliffico.com\/it\/wp-json\/wp\/v2\/types\/page"}],"author":[{"embeddable":true,"href":"https:\/\/www.miliffico.com\/it\/wp-json\/wp\/v2\/users\/1"}],"replies":[{"embeddable":true,"href":"https:\/\/www.miliffico.com\/it\/wp-json\/wp\/v2\/comments?post=791"}],"version-history":[{"count":15,"href":"https:\/\/www.miliffico.com\/it\/wp-json\/wp\/v2\/pages\/791\/revisions"}],"predecessor-version":[{"id":1172,"href":"https:\/\/www.miliffico.com\/it\/wp-json\/wp\/v2\/pages\/791\/revisions\/1172"}],"wp:attachment":[{"href":"https:\/\/www.miliffico.com\/it\/wp-json\/wp\/v2\/media?parent=791"}],"curies":[{"name":"wp","href":"https:\/\/api.w.org\/{rel}","templated":true}]}}